{"id":3050,"date":"2016-12-05T08:35:38","date_gmt":"2016-12-05T08:35:38","guid":{"rendered":"https:\/\/www.veloxsrl.it\/?product=donat-mg-05lt-trasporto-incluso"},"modified":"2021-07-01T15:07:46","modified_gmt":"2021-07-01T15:07:46","slug":"donat-mg-05lt-trasporto-incluso","status":"publish","type":"product","link":"https:\/\/www.veloxsrl.it\/?product=donat-mg-05lt-trasporto-incluso","title":{"rendered":"Donat MG 0,5lt (trasporto incluso)"},"content":{"rendered":"<p>Poco pi\u00f9 di 100 anni fa, a Roga\u0161ka Slatina, sgorg\u00f2 in superficie l\u2019acqua minerale naturale con il pi\u00f9 alto contenuto di magnesio, DONAT Mg, un prezioso dono della natura che contiene moltissimi micro e macro elementi importanti per la nostra salute.<br \/>\nIl magnesio contribuisce:<\/p>\n<ul>\n<li>alla riduzione della stanchezza e dell\u2019affaticamento;<\/li>\n<li>all\u2019equilibrio elettrolitico;<\/li>\n<li>al normale metabolismo energetico;<\/li>\n<li>al normale funzionamento del sistema nervoso;<\/li>\n<li>alla normale funzione muscolare;<\/li>\n<li>al mantenimento di ossa normali;<\/li>\n<li>al mantenimento di denti normali.<\/li>\n<\/ul>\n<p>Il magnesio interviene nel processo di divisione delle cellule.<br \/>\nL\u2019acqua minerale naturale Donat Mg \u00e8 consigliata in una dieta varia ed equilibrata, come parte integrante di uno stile di vita sano.<br \/>\nSebbene esistano molti integratori alimentari contenenti magnesio, il miglior modo per veicolarlo nell\u2019organismo \u00e8 proprio attraverso l\u2019acqua, poich\u00e9 i minerali si trovano nella loro forma pi\u00f9 naturale ovvero quella ionica; ci\u00f2 consente loro di essere immediatamente fruibili dall\u2019organismo.<br \/>\nDonat Mg \u2026 non solo magnesio, ma molto di pi\u00f9<br \/>\nOltre al magnesio, l\u2019acqua minerale naturale Donat Mg contiene anche elevate quantit\u00e0 di idrogenocarbonato, solfati, calcio ed altri minerali.<\/p>\n<p>Magnesio: Mg2+\u00a0\u00a0\u00a0\u00a0\u00a0\u00a0\u00a0\u00a0\u00a0\u00a0\u00a0\u00a0\u00a0\u00a0\u00a0\u00a0\u00a0\u00a0 \u00a0\u00a0\u00a0\u00a0\u00a0\u00a0\u00a0\u00a0\u00a0\u00a0\u00a0 1000 mg\/l<br \/>\nCalcio: Ca2+\u00a0\u00a0\u00a0\u00a0\u00a0\u00a0\u00a0\u00a0\u00a0\u00a0\u00a0\u00a0\u00a0\u00a0\u00a0\u00a0\u00a0\u00a0\u00a0\u00a0\u00a0\u00a0\u00a0\u00a0 \u00a0\u00a0\u00a0\u00a0\u00a0\u00a0\u00a0\u00a0\u00a0\u00a0\u00a0 \u00a0 380 mg\/l<br \/>\nIdrogenocarbonato: HCO3-\u00a0\u00a0\u00a0\u00a0\u00a0\u00a0\u00a0\u00a0\u00a0\u00a0\u00a0 7800 mg\/l<br \/>\nSolfati: SO42- \u00a0\u00a0\u00a0\u00a0\u00a0\u00a0\u00a0\u00a0\u00a0\u00a0\u00a0\u00a0\u00a0\u00a0\u00a0\u00a0\u00a0\u00a0\u00a0\u00a0\u00a0\u00a0\u00a0 \u00a0\u00a0\u00a0\u00a0\u00a0\u00a0\u00a0\u00a0\u00a0\u00a0\u00a0 2100 mg\/l<\/p>\n<p>&nbsp;<\/p>\n<table class=\"data\">\n<tbody>\n<tr>\n<th class=\"colspan\" colspan=\"2\">Caratteristiche Chimiche e Fisiche Diverse:<\/th>\n<\/tr>\n<tr>\n<td>Conducibilita el. specif. a 20\u00b0C<\/td>\n<td>9,6 mS\/cm<\/td>\n<\/tr>\n<tr>\n<td>Residuo fisso a 180\u00baC<\/td>\n<td>7,9 g\/L<\/td>\n<\/tr>\n<tr>\n<td>Anidride carbonica libera (CO2)<\/td>\n<td>5000 mg\/L<\/td>\n<\/tr>\n<\/tbody>\n<\/table>\n","protected":false},"excerpt":{"rendered":"<p>Acqua minerale naturale DONAT Mg 1lt PET<\/p>\n","protected":false},"featured_media":373,"comment_status":"closed","ping_status":"closed","template":"","meta":{"_monsterinsights_skip_tracking":false,"_monsterinsights_sitenote_active":false,"_monsterinsights_sitenote_note":"","_monsterinsights_sitenote_category":0},"yoast_head":"<!-- This site is optimized with the Yoast SEO plugin v16.6.1 - https:\/\/yoast.com\/wordpress\/plugins\/seo\/ -->\n<meta name=\"robots\" content=\"index, follow, max-snippet:-1, max-image-preview:large, max-video-preview:-1\" \/>\n<link rel=\"canonical\" href=\"https:\/\/www.veloxsrl.it\/?product=donat-mg-05lt-trasporto-incluso\" \/>\n<meta property=\"og:locale\" content=\"it_IT\" \/>\n<meta property=\"og:type\" content=\"article\" \/>\n<meta property=\"og:title\" content=\"Donat MG 0,5lt (trasporto incluso) - Velox srl\" \/>\n<meta property=\"og:description\" content=\"Acqua minerale naturale DONAT Mg 1lt PET\" \/>\n<meta property=\"og:url\" content=\"https:\/\/www.veloxsrl.it\/?product=donat-mg-05lt-trasporto-incluso\" \/>\n<meta property=\"og:site_name\" content=\"Velox srl\" \/>\n<meta property=\"article:modified_time\" content=\"2021-07-01T15:07:46+00:00\" \/>\n<meta property=\"og:image\" content=\"https:\/\/www.veloxsrl.it\/wp-content\/uploads\/2015\/02\/donat-final-render-lowres.jpg\" \/>\n\t<meta property=\"og:image:width\" content=\"1500\" \/>\n\t<meta property=\"og:image:height\" content=\"1658\" \/>\n<meta name=\"twitter:card\" content=\"summary\" \/>\n<meta name=\"twitter:label1\" content=\"Tempo di lettura stimato\" \/>\n\t<meta name=\"twitter:data1\" content=\"1 minuto\" \/>\n<script type=\"application\/ld+json\" class=\"yoast-schema-graph\">{\"@context\":\"https:\/\/schema.org\",\"@graph\":[{\"@type\":\"WebSite\",\"@id\":\"https:\/\/www.veloxsrl.it\/#website\",\"url\":\"https:\/\/www.veloxsrl.it\/\",\"name\":\"Velox srl\",\"description\":\"le terme a casa vostra\",\"potentialAction\":[{\"@type\":\"SearchAction\",\"target\":{\"@type\":\"EntryPoint\",\"urlTemplate\":\"https:\/\/www.veloxsrl.it\/?s={search_term_string}\"},\"query-input\":\"required name=search_term_string\"}],\"inLanguage\":\"it-IT\"},{\"@type\":\"ImageObject\",\"@id\":\"https:\/\/www.veloxsrl.it\/?product=donat-mg-05lt-trasporto-incluso#primaryimage\",\"inLanguage\":\"it-IT\",\"url\":\"https:\/\/www.veloxsrl.it\/wp-content\/uploads\/2015\/02\/donat-final-render-lowres.jpg\",\"contentUrl\":\"https:\/\/www.veloxsrl.it\/wp-content\/uploads\/2015\/02\/donat-final-render-lowres.jpg\",\"width\":1500,\"height\":1658},{\"@type\":\"WebPage\",\"@id\":\"https:\/\/www.veloxsrl.it\/?product=donat-mg-05lt-trasporto-incluso#webpage\",\"url\":\"https:\/\/www.veloxsrl.it\/?product=donat-mg-05lt-trasporto-incluso\",\"name\":\"Donat MG 0,5lt (trasporto incluso) - Velox srl\",\"isPartOf\":{\"@id\":\"https:\/\/www.veloxsrl.it\/#website\"},\"primaryImageOfPage\":{\"@id\":\"https:\/\/www.veloxsrl.it\/?product=donat-mg-05lt-trasporto-incluso#primaryimage\"},\"datePublished\":\"2016-12-05T08:35:38+00:00\",\"dateModified\":\"2021-07-01T15:07:46+00:00\",\"breadcrumb\":{\"@id\":\"https:\/\/www.veloxsrl.it\/?product=donat-mg-05lt-trasporto-incluso#breadcrumb\"},\"inLanguage\":\"it-IT\",\"potentialAction\":[{\"@type\":\"ReadAction\",\"target\":[\"https:\/\/www.veloxsrl.it\/?product=donat-mg-05lt-trasporto-incluso\"]}]},{\"@type\":\"BreadcrumbList\",\"@id\":\"https:\/\/www.veloxsrl.it\/?product=donat-mg-05lt-trasporto-incluso#breadcrumb\",\"itemListElement\":[{\"@type\":\"ListItem\",\"position\":1,\"name\":\"Home\",\"item\":\"https:\/\/www.veloxsrl.it\/\"},{\"@type\":\"ListItem\",\"position\":2,\"name\":\"Prodotti 2\",\"item\":\"https:\/\/www.veloxsrl.it\/?page_id=2972\"},{\"@type\":\"ListItem\",\"position\":3,\"name\":\"Donat MG 0,5lt (trasporto incluso)\"}]}]}<\/script>\n<!-- \/ Yoast SEO plugin. -->","_links":{"self":[{"href":"https:\/\/www.veloxsrl.it\/index.php?rest_route=\/wp\/v2\/product\/3050"}],"collection":[{"href":"https:\/\/www.veloxsrl.it\/index.php?rest_route=\/wp\/v2\/product"}],"about":[{"href":"https:\/\/www.veloxsrl.it\/index.php?rest_route=\/wp\/v2\/types\/product"}],"replies":[{"embeddable":true,"href":"https:\/\/www.veloxsrl.it\/index.php?rest_route=%2Fwp%2Fv2%2Fcomments&post=3050"}],"wp:featuredmedia":[{"embeddable":true,"href":"https:\/\/www.veloxsrl.it\/index.php?rest_route=\/wp\/v2\/media\/373"}],"wp:attachment":[{"href":"https:\/\/www.veloxsrl.it\/index.php?rest_route=%2Fwp%2Fv2%2Fmedia&parent=3050"}],"curies":[{"name":"wp","href":"https:\/\/api.w.org\/{rel}","templated":true}]}}